{"id":256,"date":"2021-04-07T13:05:23","date_gmt":"2021-04-07T19:05:23","guid":{"rendered":"https:\/\/www.cafetelevision.com\/?page_id=256"},"modified":"2021-09-14T16:58:29","modified_gmt":"2021-09-14T22:58:29","slug":"servicios","status":"publish","type":"page","link":"https:\/\/www.cafetelevision.com\/index.php\/servicios","title":{"rendered":"Servicios"},"content":{"rendered":"<p><img fetchpriority=\"high\" decoding=\"async\" class=\"aligncenter wp-image-264 \" src=\"https:\/\/www.cafetelevision.com\/wp-content\/uploads\/2021\/04\/imagen-servicios.png\" alt=\"\" width=\"2888\" height=\"323\" srcset=\"https:\/\/www.cafetelevision.com\/wp-content\/uploads\/2021\/04\/imagen-servicios.png 1401w, https:\/\/www.cafetelevision.com\/wp-content\/uploads\/2021\/04\/imagen-servicios-300x34.png 300w, https:\/\/www.cafetelevision.com\/wp-content\/uploads\/2021\/04\/imagen-servicios-1024x115.png 1024w, https:\/\/www.cafetelevision.com\/wp-content\/uploads\/2021\/04\/imagen-servicios-768x86.png 768w\" sizes=\"(max-width: 2888px) 100vw, 2888px\" \/><\/p>\n<p>Contamos con una filial con los siguientes servicios:<\/p>\n<ul>\n<li style=\"list-style-type: none;\">\n<ul>\n<li>Largometrajes<\/li>\n<li>Cortometrajes<\/li>\n<li>Series<\/li>\n<li>Documentales<\/li>\n<li>Programas de televisi\u00f3n<\/li>\n<li>Comerciales<\/li>\n<li>Capsulas<\/li>\n<li>Streaming<\/li>\n<li>Podcast<\/li>\n<li>Fotograf\u00eda<\/li>\n<\/ul>\n<\/li>\n<\/ul>\n<p><iframe title=\"YouTube video player\" src=\"https:\/\/www.youtube.com\/embed\/tvk1QO58rHU\" width=\"560\" height=\"315\" frameborder=\"0\" allowfullscreen=\"allowfullscreen\"><\/iframe><br \/>\nCont\u00e1ctenos<\/p>\n<a href=\"https:\/\/www.facebook.com\/CafeTelevision\" class=\"su-button su-button-style-default\" style=\"color:#ffffff;background-color:#0191ed;border-color:#0174be;border-radius:5px\" target=\"_blank\" rel=\"noopener noreferrer\"><span style=\"color:#ffffff;padding:6px 16px;font-size:13px;line-height:20px;border-color:#4eb2f3;border-radius:5px;text-shadow:none\"><i class=\"sui sui-facebook-square\" style=\"font-size:13px;color:#ffffff\"><\/i> Facebook<\/span><\/a> <a href=\"https:\/\/www.instagram.com\/cafetelevision\/?hl=es-la\" class=\"su-button su-button-style-default\" style=\"color:#ffffff;background-color:#0191ed;border-color:#0174be;border-radius:5px\" target=\"_blank\" rel=\"noopener noreferrer\"><span style=\"color:#ffffff;padding:6px 16px;font-size:13px;line-height:20px;border-color:#4eb2f3;border-radius:5px;text-shadow:none\"><i class=\"sui sui-instagram\" style=\"font-size:13px;color:#ffffff\"><\/i> Instagram<\/span><\/a> <a href=\"https:\/\/twitter.com\/cafetelevision?lang=es\" class=\"su-button su-button-style-default\" style=\"color:#ffffff;background-color:#0191ed;border-color:#0174be;border-radius:5px\" target=\"_blank\" rel=\"noopener noreferrer\"><span style=\"color:#ffffff;padding:6px 16px;font-size:13px;line-height:20px;border-color:#4eb2f3;border-radius:5px;text-shadow:none\"><i class=\"sui sui-twitter\" style=\"font-size:13px;color:#ffffff\"><\/i> Twitter<\/span><\/a>\n<p>&nbsp;<\/p>\n<p><img decoding=\"async\" class=\"aligncenter size-full wp-image-264\" src=\"https:\/\/www.cafetelevision.com\/wp-content\/uploads\/2021\/04\/imagen-servicios.png\" alt=\"\" width=\"1401\" height=\"157\" srcset=\"https:\/\/www.cafetelevision.com\/wp-content\/uploads\/2021\/04\/imagen-servicios.png 1401w, https:\/\/www.cafetelevision.com\/wp-content\/uploads\/2021\/04\/imagen-servicios-300x34.png 300w, https:\/\/www.cafetelevision.com\/wp-content\/uploads\/2021\/04\/imagen-servicios-1024x115.png 1024w, https:\/\/www.cafetelevision.com\/wp-content\/uploads\/2021\/04\/imagen-servicios-768x86.png 768w\" sizes=\"(max-width: 1401px) 100vw, 1401px\" \/><\/p>\n<p>&nbsp;<\/p>\n","protected":false},"excerpt":{"rendered":"<p>Contamos con una filial con los siguientes servicios: Largometrajes Cortometrajes Series Documentales Programas de televisi\u00f3n Comerciales Capsulas Streaming Podcast Fotograf\u00eda Cont\u00e1ctenos &nbsp; &nbsp;<\/p>\n","protected":false},"author":1,"featured_media":0,"parent":0,"menu_order":0,"comment_status":"closed","ping_status":"closed","template":"","meta":{"site-sidebar-layout":"default","site-content-layout":"default","ast-site-content-layout":"default","site-content-style":"default","site-sidebar-style":"default","ast-global-header-display":"","ast-banner-title-visibility":"","ast-main-header-display":"","ast-hfb-above-header-display":"","ast-hfb-below-header-display":"","ast-hfb-mobile-header-display":"","site-post-title":"","ast-breadcrumbs-content":"","ast-featured-img":"","footer-sml-layout":"","ast-disable-related-posts":"","theme-transparent-header-meta":"default","adv-header-id-meta":"","stick-header-meta":"","header-above-stick-meta":"","header-main-stick-meta":"","header-below-stick-meta":"","astra-migrate-meta-layouts":"default","ast-page-background-enabled":"default","ast-page-background-meta":{"desktop":{"background-color":"","background-image":"","background-repeat":"repeat","background-position":"center center","background-size":"auto","background-attachment":"scroll","background-type":"","background-media":"","overlay-type":"","overlay-color":"","overlay-opacity":"","overlay-gradient":""},"tablet":{"background-color":"","background-image":"","background-repeat":"repeat","background-position":"center center","background-size":"auto","background-attachment":"scroll","background-type":"","background-media":"","overlay-type":"","overlay-color":"","overlay-opacity":"","overlay-gradient":""},"mobile":{"background-color":"","background-image":"","background-repeat":"repeat","background-position":"center center","background-size":"auto","background-attachment":"scroll","background-type":"","background-media":"","overlay-type":"","overlay-color":"","overlay-opacity":"","overlay-gradient":""}},"ast-content-background-meta":{"desktop":{"background-color":"var(--ast-global-color-5)","background-image":"","background-repeat":"repeat","background-position":"center center","background-size":"auto","background-attachment":"scroll","background-type":"","background-media":"","overlay-type":"","overlay-color":"","overlay-opacity":"","overlay-gradient":""},"tablet":{"background-color":"var(--ast-global-color-5)","background-image":"","background-repeat":"repeat","background-position":"center center","background-size":"auto","background-attachment":"scroll","background-type":"","background-media":"","overlay-type":"","overlay-color":"","overlay-opacity":"","overlay-gradient":""},"mobile":{"background-color":"var(--ast-global-color-5)","background-image":"","background-repeat":"repeat","background-position":"center center","background-size":"auto","background-attachment":"scroll","background-type":"","background-media":"","overlay-type":"","overlay-color":"","overlay-opacity":"","overlay-gradient":""}},"footnotes":""},"class_list":["post-256","page","type-page","status-publish","hentry"],"_links":{"self":[{"href":"https:\/\/www.cafetelevision.com\/index.php\/wp-json\/wp\/v2\/pages\/256","targetHints":{"allow":["GET"]}}],"collection":[{"href":"https:\/\/www.cafetelevision.com\/index.php\/wp-json\/wp\/v2\/pages"}],"about":[{"href":"https:\/\/www.cafetelevision.com\/index.php\/wp-json\/wp\/v2\/types\/page"}],"author":[{"embeddable":true,"href":"https:\/\/www.cafetelevision.com\/index.php\/wp-json\/wp\/v2\/users\/1"}],"replies":[{"embeddable":true,"href":"https:\/\/www.cafetelevision.com\/index.php\/wp-json\/wp\/v2\/comments?post=256"}],"version-history":[{"count":5,"href":"https:\/\/www.cafetelevision.com\/index.php\/wp-json\/wp\/v2\/pages\/256\/revisions"}],"predecessor-version":[{"id":507,"href":"https:\/\/www.cafetelevision.com\/index.php\/wp-json\/wp\/v2\/pages\/256\/revisions\/507"}],"wp:attachment":[{"href":"https:\/\/www.cafetelevision.com\/index.php\/wp-json\/wp\/v2\/media?parent=256"}],"curies":[{"name":"wp","href":"https:\/\/api.w.org\/{rel}","templated":true}]}}